{"id":2,"date":"2020-03-12T11:45:18","date_gmt":"2020-03-12T10:45:18","guid":{"rendered":"http:\/\/media-informatique.com\/?page_id=2"},"modified":"2020-04-05T14:53:40","modified_gmt":"2020-04-05T12:53:40","slug":"mentions-legales","status":"publish","type":"page","link":"https:\/\/media-informatique.com\/index.php\/mentions-legales\/","title":{"rendered":"Mentions l\u00e9gales"},"content":{"rendered":"\n<p>Le site media-informatique.com est \u00e9dit\u00e9 par la soci\u00e9t\u00e9 Media informatique , S.A.R.L au capital de 31000 \u20ac, dont le si\u00e8ge social est situ\u00e9 au 1 bis rue de batere 66400 C\u00e9ret enregistr\u00e9e au registre du commerce et des soci\u00e9t\u00e9s de perpignan sous le num\u00e9ro 503338071<br>Responsable du site et directeur de la publication : Eric Suarez<br>E-mail de contact : contact@media-informatique.com<br>T\u00e9l\u00e9phone de contact du si\u00e8ge social : 0468379076 ( prix de l\u2019appel), du Mardi au vendredi de 9h30 \u00e0 12h30 et de 14h30 \u00e0 18h45.<\/p>\n\n\n\n<p>Commission Nationale Informatique et Libert\u00e9s : En application de la loi n\u00b078-17 du 6 janvier 1978 modifi\u00e9e, relative \u00e0 l\u2019informatique, aux fichiers et aux libert\u00e9s, le site web a fait l\u2019objet d\u2019une d\u00e9claration aupr\u00e8s de la CNIL.<\/p>\n\n\n\n<p>Protection des donn\u00e9es personnelles : Media informatique peut \u00eatre appel\u00e9 \u00e0 recueillir des informations lors de la cr\u00e9ation des comptes clients. Ces informations obligatoires pour assurer le service \u00e0 la client\u00e8le permettent d\u2019effectuer les op\u00e9rations relatives aux commandes, aux droits d\u2019acc\u00e8s, de rectification et d\u2019opposition et \u00e0 la gestion d\u2019op\u00e9rations promotionnelles. Ces donn\u00e9es peuvent \u00eatre utilis\u00e9es pour l\u2019envoi d\u2019informations et d\u2019offres commerciales de la part de Media informatique\/ou de l\u2019une de ses marques ou enseignes. Conform\u00e9ment aux dispositions de la Loi Informatique et Libert\u00e9s du 6 janvier 1978 modifi\u00e9e par la loi du 6 ao\u00fbt 2004 vous b\u00e9n\u00e9ficiez d&rsquo;un droit d&rsquo;acc\u00e8s, de rectification ou d&rsquo;opposition sur vos donn\u00e9es collect\u00e9es. Ce droit peut \u00eatre exerc\u00e9 par courrier postal accompagn\u00e9 d\u2019une copie d\u2019une pi\u00e8ce d\u2019identit\u00e9 \u00e0 : media informatique 1 bis rue de batere 66400 C\u00e9ret  Cookies : Le site Media informatique utilise des cookies dans le but de faciliter la communication par voie \u00e9lectronique, ils sont destin\u00e9s notamment \u00e0 la conservation de votre panier pendant la dur\u00e9e de votre parcours d\u2019achat et ne sont pas conserv\u00e9s \u00e0 l&rsquo;issue de votre visite.<\/p>\n\n\n\n<p>Contenus du site : Toute reproduction ou repr\u00e9sentation totale ou partielle, par quelque proc\u00e9d\u00e9 que ce soit, de ce site et de ses \u00e9l\u00e9ments graphiques ou r\u00e9dactionnels est interdite sans l\u2019autorisation expresse de Media informatique et constituerait une contrefa\u00e7on sanctionn\u00e9e par les articles L 335-2 et suivants du Code de la propri\u00e9t\u00e9 intellectuelle. Vous avez la facult\u00e9 de signaler tout \u00e9ventuel contenu illicite ou inadapt\u00e9 \u00e0 contact@Media-informatique.com<\/p>\n\n\n\n<p>S\u00e9curit\u00e9 des transactions : Le paiement par carte bancaire est assur\u00e9 par le Cr\u00e9dit Agricole. Les \u00e9changes entre la banque et nos clients sont crypt\u00e9s afin de vous assurer une transaction s\u00fbre et la s\u00e9curit\u00e9 de vos informations bancaires.<\/p>\n\n\n\n<p>M\u00e9diation : Conform\u00e9ment \u00e0 l\u2019article L156-1 du code de la consommation, le consommateur est inform\u00e9 de la possibilit\u00e9 de recourir, en cas de contestation, \u00e0 une proc\u00e9dure de m\u00e9diation conventionnelle ou \u00e0 tout autre mode alternatif de r\u00e8glement des diff\u00e9rends. Le consommateur est \u00e9galement inform\u00e9 de l\u2019existence d\u2019une plateforme en ligne de la Commission europ\u00e9enne qui a pour objet de recueillir les \u00e9ventuelles r\u00e9clamations issues d\u2019un achat en ligne des consommateurs europ\u00e9ens et de transmettre ensuite les cas re\u00e7us aux m\u00e9diateurs nationaux comp\u00e9tents.<\/p>\n\n\n\n<p><\/p>\n\n\n\n<blockquote class=\"wp-block-quote is-layout-flow wp-block-quote-is-layout-flow\"><p><\/p><\/blockquote>\n<div id=\"themify_builder_content-2\" data-postid=\"2\" class=\"themify_builder_content themify_builder_content-2 themify_builder\">\n\n    <\/div>\n<!-- \/themify_builder_content -->","protected":false},"excerpt":{"rendered":"<p>Le site media-informatique.com est \u00e9dit\u00e9 par la soci\u00e9t\u00e9 Media informatique , S.A.R.L au capital de 31000 \u20ac, dont le si\u00e8ge social est situ\u00e9 au 1 bis rue de batere 66400 C\u00e9ret enregistr\u00e9e au registre du commerce et des soci\u00e9t\u00e9s de perpignan sous le num\u00e9ro 503338071Responsable du site et directeur de la publication : Eric SuarezE-mail [&hellip;]<\/p>\n","protected":false},"author":1,"featured_media":0,"parent":0,"menu_order":0,"comment_status":"closed","ping_status":"open","template":"","meta":{"footnotes":""},"class_list":["post-2","page","type-page","status-publish","hentry","has-post-title","has-post-date","has-post-category","has-post-tag","has-post-comment","has-post-author",""],"_links":{"self":[{"href":"https:\/\/media-informatique.com\/index.php\/wp-json\/wp\/v2\/pages\/2","targetHints":{"allow":["GET"]}}],"collection":[{"href":"https:\/\/media-informatique.com\/index.php\/wp-json\/wp\/v2\/pages"}],"about":[{"href":"https:\/\/media-informatique.com\/index.php\/wp-json\/wp\/v2\/types\/page"}],"author":[{"embeddable":true,"href":"https:\/\/media-informatique.com\/index.php\/wp-json\/wp\/v2\/users\/1"}],"replies":[{"embeddable":true,"href":"https:\/\/media-informatique.com\/index.php\/wp-json\/wp\/v2\/comments?post=2"}],"version-history":[{"count":2,"href":"https:\/\/media-informatique.com\/index.php\/wp-json\/wp\/v2\/pages\/2\/revisions"}],"predecessor-version":[{"id":16,"href":"https:\/\/media-informatique.com\/index.php\/wp-json\/wp\/v2\/pages\/2\/revisions\/16"}],"wp:attachment":[{"href":"https:\/\/media-informatique.com\/index.php\/wp-json\/wp\/v2\/media?parent=2"}],"curies":[{"name":"wp","href":"https:\/\/api.w.org\/{rel}","templated":true}]}}